{"id":19,"date":"2012-02-02T04:09:54","date_gmt":"2012-02-02T03:09:54","guid":{"rendered":"http:\/\/www.pubambi-kula.com\/?page_id=19"},"modified":"2012-02-02T05:01:01","modified_gmt":"2012-02-02T04:01:01","slug":"oblici-rada-sa-decom","status":"publish","type":"page","link":"https:\/\/www.pubambi-kula.com\/sr\/oblici-rada-sa-decom\/","title":{"rendered":"\u041e\u0431\u043b\u0438\u0446\u0438 \u0440\u0430\u0434\u0430 \u0441\u0430 \u0434\u0435\u0446\u043e\u043c"},"content":{"rendered":"<table width=\"100%\"  border=\"0\">\n<tr bgcolor=\"#09AAFA\">\n<td height=\"25\" colspan=\"11\" align=\"center\" valign=\"middle\"><span class=\"style60\">OBLICI RADA <\/span><\/td>\n<\/tr>\n<tr bgcolor=\"#9EE02B\">\n<td width=\"6%\">\n<div align=\"center\" class=\"style60 style61\">Br.<\/div>\n<\/td>\n<td width=\"19%\" class=\"style60\">\n<div align=\"center\" class=\"style61\">VRTI\u0106<\/div>\n<\/td>\n<td colspan=\"2\" align=\"center\" valign=\"middle\">\n<div align=\"left\" class=\"style60\">\n<div align=\"center\">Celodnevni<br \/>\n                  1 &#8211; 3 <\/div>\n<\/p><\/div>\n<\/td>\n<td colspan=\"2\" align=\"center\" valign=\"middle\"><span class=\"style60\">Celodnevni<br \/>\n              3 &#8211; 7 <\/span><\/td>\n<td colspan=\"2\" align=\"center\" valign=\"top\"><span class=\"style60\">Poludnevni<\/span><\/td>\n<td colspan=\"2\" align=\"center\" valign=\"top\"><span class=\"style60\">\u010cetvoro\u010dasovni<\/span><\/td>\n<td width=\"15%\">&nbsp;<\/td>\n<\/tr>\n<tr bgcolor=\"#FFA631\">\n<td>&nbsp;<\/td>\n<td>&nbsp;<\/td>\n<td width=\"8%\" class=\"style60\">\n<div align=\"center\"><span class=\"style48\">Br.grupa<\/span><\/div>\n<\/td>\n<td width=\"8%\" class=\"style60\">\n<div align=\"center\">Br.dece<\/div>\n<\/td>\n<td width=\"8%\" class=\"style60\">\n<div align=\"center\"><span class=\"style48\">Br.grupa<\/span><\/div>\n<\/td>\n<td width=\"7%\" class=\"style60\">\n<div align=\"center\"><span class=\"style48\">Br.dece<\/span><\/div>\n<\/td>\n<td width=\"7%\" class=\"style60\">\n<div align=\"center\"><span class=\"style48\">Br.grupa<\/span><\/div>\n<\/td>\n<td width=\"7%\" class=\"style60\">\n<div align=\"center\"><span class=\"style48\">Br.dece<\/span><\/div>\n<\/td>\n<td width=\"8%\" class=\"style60\">\n<div align=\"center\"><span class=\"style48\">Br.grupa<\/span><\/div>\n<\/td>\n<td width=\"7%\" class=\"style60\">\n<div align=\"center\"><span class=\"style48\">Br.dece<\/span><\/div>\n<\/td>\n<td class=\"style60\">\n<div align=\"center\" class=\"style60\">Vreme rada <\/div>\n<\/td>\n<\/tr>\n<tr bgcolor=\"#9EE02B\">\n<td align=\"center\" valign=\"middle\"><span class=\"style60\">1.<\/span><\/td>\n<td align=\"left\" valign=\"middle\"><span class=\"style60\">&#8220;SUN\u010cICA&#8220;<\/span><\/td>\n<td align=\"center\" valign=\"middle\"><span class=\"style60\">2<\/span><\/td>\n<td align=\"center\" valign=\"middle\"><span class=\"style60\">20<\/span><\/td>\n<td align=\"center\" valign=\"middle\"><span class=\"style60\">6<\/span><\/td>\n<td align=\"center\" valign=\"middle\"><span class=\"style60\">145<\/span><\/td>\n<td align=\"center\" valign=\"middle\"><span class=\"style60\">&#8211;<\/span><\/td>\n<td align=\"center\" valign=\"middle\"><span class=\"style60\">&#8211;<\/span><\/td>\n<td align=\"center\" valign=\"middle\"><span class=\"style60\">2<\/span><\/td>\n<td align=\"center\" valign=\"middle\"><span class=\"style60\">42<\/span><\/td>\n<td align=\"center\" valign=\"middle\"><span class=\"style60\">5,30 &#8211; 21,00 \u010d<\/span><\/td>\n<\/tr>\n<tr>\n<td align=\"center\" valign=\"middle\"><span class=\"style60\">2.<\/span><\/td>\n<td align=\"left\" valign=\"middle\"><span class=\"style60\">&#8220;MASLA\u010cAK&#8220;<\/span><\/td>\n<td align=\"center\" valign=\"middle\"><span class=\"style60\">&#8211;<\/span><\/td>\n<td align=\"center\" valign=\"middle\"><span class=\"style60\">&#8211;<\/span><\/td>\n<td align=\"center\" valign=\"middle\"><span class=\"style60\">&#8211;<\/span><\/td>\n<td align=\"center\" valign=\"middle\"><span class=\"style60\">&#8211;<\/span><\/td>\n<td align=\"center\" valign=\"middle\"><span class=\"style60\">3<\/span><\/td>\n<td align=\"center\" valign=\"middle\"><span class=\"style60\">67<\/span><\/td>\n<td align=\"center\" valign=\"middle\"><span class=\"style60\">3<\/span><\/td>\n<td align=\"center\" valign=\"middle\"><span class=\"style60\">67<\/span><\/td>\n<td align=\"center\" valign=\"middle\"><span class=\"style60\">7,00 &#8211; 18,30 \u010d<\/span><\/td>\n<\/tr>\n<tr bgcolor=\"#9EE02B\">\n<td align=\"center\" valign=\"middle\"><span class=\"style60\">3.<\/span><\/td>\n<td align=\"left\" valign=\"middle\"><span class=\"style60\">&#8220;BUBAMARA&#8220;<\/span><\/td>\n<td align=\"center\" valign=\"middle\" class=\"style60\">&#8211;<\/td>\n<td align=\"center\" valign=\"middle\" class=\"style60\">&#8211;<\/td>\n<td align=\"center\" valign=\"middle\" class=\"style60\">&#8211;<\/td>\n<td align=\"center\" valign=\"middle\" class=\"style60\">&#8211;<\/td>\n<td align=\"center\" valign=\"middle\" class=\"style60\">1<\/td>\n<td align=\"center\" valign=\"middle\" class=\"style60\">31<\/td>\n<td align=\"center\" valign=\"middle\" class=\"style60\">1<\/td>\n<td align=\"center\" valign=\"middle\" class=\"style60\">31<\/td>\n<td align=\"center\" valign=\"middle\" class=\"style60\">7,00 &#8211; 13,00 \u010d<\/td>\n<\/tr>\n<tr>\n<td align=\"center\" valign=\"middle\"><span class=\"style60\">4.<\/span><\/td>\n<td align=\"left\" valign=\"middle\"><span class=\"style60\">&#8220;KOLIBRI&#8220;<\/span><\/td>\n<td align=\"center\" valign=\"middle\" class=\"style60\">3<\/td>\n<td align=\"center\" valign=\"middle\" class=\"style60\">41<\/td>\n<td align=\"center\" valign=\"middle\" class=\"style60\">10<\/td>\n<td align=\"center\" valign=\"middle\" class=\"style60\">239<\/td>\n<td align=\"center\" valign=\"middle\" class=\"style60\">&#8211;<\/td>\n<td align=\"center\" valign=\"middle\" class=\"style60\">&#8211;<\/td>\n<td align=\"center\" valign=\"middle\" class=\"style60\">4<\/td>\n<td align=\"center\" valign=\"middle\" class=\"style60\">108<\/td>\n<td align=\"center\" valign=\"middle\" class=\"style60\">5,30 &#8211; 21,00 \u010d<\/td>\n<\/tr>\n<tr bgcolor=\"#9EE02B\">\n<td align=\"center\" valign=\"middle\"><span class=\"style60\">5.<\/span><\/td>\n<td align=\"left\" valign=\"middle\"><span class=\"style60\">&#8220;VEVERICA&#8220;<\/span><\/td>\n<td align=\"center\" valign=\"middle\" class=\"style60\">&#8211;<\/td>\n<td align=\"center\" valign=\"middle\" class=\"style60\">&#8211;<\/td>\n<td align=\"center\" valign=\"middle\" class=\"style60\">&#8211;<\/td>\n<td align=\"center\" valign=\"middle\" class=\"style60\">&#8211;<\/td>\n<td align=\"center\" valign=\"middle\" class=\"style60\">4<\/td>\n<td align=\"center\" valign=\"middle\" class=\"style60\">88<\/td>\n<td align=\"center\" valign=\"middle\" class=\"style60\">4<\/td>\n<td align=\"center\" valign=\"middle\" class=\"style60\">88<\/td>\n<td align=\"center\" valign=\"middle\" class=\"style60\">7,00 &#8211; 18,30 \u010d<\/td>\n<\/tr>\n<tr>\n<td align=\"center\" valign=\"middle\"><span class=\"style60\">6.<\/span><\/td>\n<td align=\"left\" valign=\"middle\"><span class=\"style60\">&#8220;\u0160E\u0106ERKO&#8220;<\/span><\/td>\n<td align=\"center\" valign=\"middle\" class=\"style60\">2<\/td>\n<td align=\"center\" valign=\"middle\" class=\"style60\">34<\/td>\n<td align=\"center\" valign=\"middle\" class=\"style60\">2<\/td>\n<td align=\"center\" valign=\"middle\" class=\"style60\">107<\/td>\n<td align=\"center\" valign=\"middle\" class=\"style60\">1<\/td>\n<td align=\"center\" valign=\"middle\" class=\"style60\">16<\/td>\n<td align=\"center\" valign=\"middle\" class=\"style60\">2<\/td>\n<td align=\"center\" valign=\"middle\" class=\"style60\">45<\/td>\n<td align=\"center\" valign=\"middle\" class=\"style60\">5,30 &#8211; 19,00 \u010d<\/td>\n<\/tr>\n<tr bgcolor=\"#9EE02B\">\n<td align=\"center\" valign=\"middle\"><span class=\"style60\">7.<\/span><\/td>\n<td align=\"left\" valign=\"middle\"><span class=\"style60\">&#8220;\u010cUVARI OSMEHA&#8220; <\/span><\/td>\n<td align=\"center\" valign=\"middle\" class=\"style60\">1<\/td>\n<td align=\"center\" valign=\"middle\" class=\"style60\">30<\/td>\n<td align=\"center\" valign=\"middle\" class=\"style60\">3<\/td>\n<td align=\"center\" valign=\"middle\" class=\"style60\">55<\/td>\n<td align=\"center\" valign=\"middle\" class=\"style60\">2<\/td>\n<td align=\"center\" valign=\"middle\" class=\"style60\">69<\/td>\n<td align=\"center\" valign=\"middle\" class=\"style60\">2<\/td>\n<td align=\"center\" valign=\"middle\" class=\"style60\">69<\/td>\n<td align=\"center\" valign=\"middle\" class=\"style60\">5,30 &#8211; 15,30 \u010d<\/td>\n<\/tr>\n<tr>\n<td align=\"center\" valign=\"middle\"><span class=\"style60\">8.<\/span><\/td>\n<td align=\"left\" valign=\"middle\"><span class=\"style60\">&#8220;NEVEN&#8220;<\/span><\/td>\n<td align=\"center\" valign=\"middle\" class=\"style60\">&#8211;<\/td>\n<td align=\"center\" valign=\"middle\" class=\"style60\">&#8211;<\/td>\n<td align=\"center\" valign=\"middle\" class=\"style60\">&#8211;<\/td>\n<td align=\"center\" valign=\"middle\" class=\"style60\">&#8211;<\/td>\n<td align=\"center\" valign=\"middle\" class=\"style60\">1<\/td>\n<td align=\"center\" valign=\"middle\" class=\"style60\">25<\/td>\n<td align=\"center\" valign=\"middle\" class=\"style60\">1<\/td>\n<td align=\"center\" valign=\"middle\" class=\"style60\">25<\/td>\n<td align=\"center\" valign=\"middle\" class=\"style60\">7,00 &#8211; 13,00 \u010d<\/td>\n<\/tr>\n<tr bgcolor=\"#9EE02B\">\n<td align=\"center\" valign=\"middle\"><span class=\"style60\">9.<\/span><\/td>\n<td align=\"left\" valign=\"middle\"><span class=\"style60\">&#8220;CICIBAN&#8220;<\/span><\/td>\n<td align=\"center\" valign=\"middle\" class=\"style60\">1<\/td>\n<td align=\"center\" valign=\"middle\" class=\"style60\">29<\/td>\n<td align=\"center\" valign=\"middle\" class=\"style60\">2<\/td>\n<td align=\"center\" valign=\"middle\" class=\"style60\">45<\/td>\n<td align=\"center\" valign=\"middle\" class=\"style60\">2<\/td>\n<td align=\"center\" valign=\"middle\" class=\"style60\">45<\/td>\n<td align=\"center\" valign=\"middle\" class=\"style60\">3<\/td>\n<td align=\"center\" valign=\"middle\" class=\"style60\">65<\/td>\n<td align=\"center\" valign=\"middle\" class=\"style60\">5,30 &#8211; 20,00 \u010d<\/td>\n<\/tr>\n<tr>\n<td align=\"center\" valign=\"middle\"><span class=\"style60\">10.<\/span><\/td>\n<td align=\"left\" valign=\"middle\"><span class=\"style60\">&#8220;VRTULJAK&#8220;<\/span><\/td>\n<td align=\"center\" valign=\"middle\" class=\"style60\">&#8211;<\/td>\n<td align=\"center\" valign=\"middle\" class=\"style60\">&#8211;<\/td>\n<td align=\"center\" valign=\"middle\" class=\"style60\">&#8211;<\/td>\n<td align=\"center\" valign=\"middle\" class=\"style60\">&#8211;<\/td>\n<td align=\"center\" valign=\"middle\" class=\"style60\">1<\/td>\n<td align=\"center\" valign=\"middle\" class=\"style60\">21<\/td>\n<td align=\"center\" valign=\"middle\" class=\"style60\">1<\/td>\n<td align=\"center\" valign=\"middle\" class=\"style60\">21<\/td>\n<td align=\"center\" valign=\"middle\" class=\"style60\">7,00 &#8211; 13,00 \u010d<\/td>\n<\/tr>\n<tr bgcolor=\"#9EE02B\">\n<td align=\"center\" valign=\"middle\"><span class=\"style60\">11.<\/span><\/td>\n<td align=\"left\" valign=\"middle\"><span class=\"style60\">&#8220;RODA&#8220;<\/span><\/td>\n<td align=\"center\" valign=\"middle\" class=\"style60\">&#8211;<\/td>\n<td align=\"center\" valign=\"middle\" class=\"style60\">&#8211;<\/td>\n<td align=\"center\" valign=\"middle\" class=\"style60\">&#8211;<\/td>\n<td align=\"center\" valign=\"middle\" class=\"style60\">&#8211;<\/td>\n<td align=\"center\" valign=\"middle\" class=\"style60\">1<\/td>\n<td align=\"center\" valign=\"middle\" class=\"style60\">10<\/td>\n<td align=\"center\" valign=\"middle\" class=\"style60\">&#8211;<\/td>\n<td align=\"center\" valign=\"middle\" class=\"style60\">10<\/td>\n<td align=\"center\" valign=\"middle\" class=\"style60\">7,00 &#8211; 13,00 \u010d<\/td>\n<\/tr>\n<tr bgcolor=\"#09AAFA\">\n<td align=\"center\" valign=\"middle\">&nbsp;<\/td>\n<td align=\"center\" valign=\"middle\" class=\"style60\">\n<div align=\"left\"><strong>UKUPNO<\/strong><\/div>\n<\/td>\n<td align=\"center\" valign=\"middle\" class=\"style60\"><strong>11<\/strong><\/td>\n<td align=\"center\" valign=\"middle\" class=\"style60\"><strong>154<\/strong><\/td>\n<td align=\"center\" valign=\"middle\" class=\"style60\"><strong>25<\/strong><\/td>\n<td align=\"center\" valign=\"middle\" class=\"style60\"><strong>608<\/strong><\/td>\n<td align=\"center\" valign=\"middle\" class=\"style60\"><strong>16<\/strong><\/td>\n<td align=\"center\" valign=\"middle\" class=\"style60\"><strong>372<\/strong><\/td>\n<td align=\"center\" valign=\"middle\" class=\"style60\"><strong>25<\/strong><\/td>\n<td align=\"center\" valign=\"middle\" class=\"style60\"><strong>583<\/strong><\/td>\n<td align=\"center\" valign=\"middle\" class=\"style60\"><strong>1134<\/strong><\/td>\n<\/tr>\n<tr>\n<td align=\"center\" valign=\"middle\">&nbsp;<\/td>\n<td align=\"center\" valign=\"middle\" class=\"style60\">&nbsp;<\/td>\n<td align=\"center\" valign=\"middle\" class=\"style60\">&nbsp;<\/td>\n<td align=\"center\" valign=\"middle\" class=\"style60\">&nbsp;<\/td>\n<td align=\"center\" valign=\"middle\" class=\"style60\">&nbsp;<\/td>\n<td align=\"center\" valign=\"middle\" class=\"style60\">&nbsp;<\/td>\n<td align=\"center\" valign=\"middle\" class=\"style60\">&nbsp;<\/td>\n<td align=\"center\" valign=\"middle\" class=\"style60\">&nbsp;<\/td>\n<td align=\"center\" valign=\"middle\" class=\"style60\">&nbsp;<\/td>\n<td align=\"center\" valign=\"middle\" class=\"style60\">&nbsp;<\/td>\n<td align=\"center\" valign=\"middle\" class=\"style60\">&nbsp;<\/td>\n<\/tr>\n<\/table>\n","protected":false},"excerpt":{"rendered":"<p>OBLICI RADA Br. VRTI\u0106 Celodnevni 1 &#8211; 3 Celodnevni 3 &#8211; 7 Poludnevni \u010cetvoro\u010dasovni &nbsp; &nbsp; &nbsp; Br.grupa Br.dece Br.grupa Br.dece Br.grupa Br.dece Br.grupa<span class=\"excerpt-hellip\"> [\u2026]<\/span><\/p>\n","protected":false},"author":1,"featured_media":0,"parent":0,"menu_order":0,"comment_status":"open","ping_status":"open","template":"","meta":{"footnotes":""},"class_list":["post-19","page","type-page","status-publish","hentry"],"_links":{"self":[{"href":"https:\/\/www.pubambi-kula.com\/sr\/wp-json\/wp\/v2\/pages\/19","targetHints":{"allow":["GET"]}}],"collection":[{"href":"https:\/\/www.pubambi-kula.com\/sr\/wp-json\/wp\/v2\/pages"}],"about":[{"href":"https:\/\/www.pubambi-kula.com\/sr\/wp-json\/wp\/v2\/types\/page"}],"author":[{"embeddable":true,"href":"https:\/\/www.pubambi-kula.com\/sr\/wp-json\/wp\/v2\/users\/1"}],"replies":[{"embeddable":true,"href":"https:\/\/www.pubambi-kula.com\/sr\/wp-json\/wp\/v2\/comments?post=19"}],"version-history":[{"count":2,"href":"https:\/\/www.pubambi-kula.com\/sr\/wp-json\/wp\/v2\/pages\/19\/revisions"}],"predecessor-version":[{"id":67,"href":"https:\/\/www.pubambi-kula.com\/sr\/wp-json\/wp\/v2\/pages\/19\/revisions\/67"}],"wp:attachment":[{"href":"https:\/\/www.pubambi-kula.com\/sr\/wp-json\/wp\/v2\/media?parent=19"}],"curies":[{"name":"wp","href":"https:\/\/api.w.org\/{rel}","templated":true}]}}