{"id":167107,"date":"2026-01-23T14:14:30","date_gmt":"2026-01-23T13:14:30","guid":{"rendered":"https:\/\/www.pubambi-kula.com\/?page_id=167107"},"modified":"2026-01-23T14:14:30","modified_gmt":"2026-01-23T13:14:30","slug":"ajandekok-atadasa-a-magyar-nyelvu-csoportba-jaro-gyerekeknek-2026-01-23-urucenje-poklona-za-decu-iz-vaspitno-obrazovne-grupe-na-madjarskom-jeziku-23-01-2026","status":"publish","type":"page","link":"https:\/\/www.pubambi-kula.com\/sr\/ajandekok-atadasa-a-magyar-nyelvu-csoportba-jaro-gyerekeknek-2026-01-23-urucenje-poklona-za-decu-iz-vaspitno-obrazovne-grupe-na-madjarskom-jeziku-23-01-2026\/","title":{"rendered":"Aj\u00e1nd\u00e9kok \u00e1tad\u00e1sa a magyar nyelv\u0171 csoportba j\u00e0r\u00f2 gyerekeknek &#8211; 2026.01.23. &#8211; \u0423\u0440\u0443\u0447\u0435\u045a\u0435 \u043f\u043e\u043a\u043b\u043e\u043d\u0430 \u0437\u0430 \u0434\u0435\u0446\u0443 \u0438\u0437 \u0432\u0430\u0441\u043f\u0438\u0442\u043d\u043e-\u043e\u0431\u0440\u0430\u0437\u043e\u0432\u043d\u0435 \u0433\u0440\u0443\u043f\u0435 \u043d\u0430 \u043c\u0430\u0452\u0430\u0440\u0441\u043a\u043e\u043c \u0458\u0435\u0437\u0438\u043a\u0443 23.01.2026.\u00a0"},"content":{"rendered":"\n\t\t\t<style type='text\/css'>\n\t\t\t\t#sc_gallery-1 {\n\t\t\t\t\tmargin: auto;\n\t\t\t\t}\n\t\t\t\t#sc_gallery-1 .gallery-item {\n\t\t\t\t\tfloat: left;\n\t\t\t\t\ttext-align: center;\n\t\t\t\t\twidth: 19.99%;\n\t\t\t\t}\n\t\t\t\t#sc_gallery-1 img {\n\t\t\t\t\tborder: 2px solid #cfcfcf;\n\t\t\t\t}\n\t\t\t\t\/* see sc_gallery() in functions\/theme-shortcodes.php *\/\n\t\t\t<\/style>\n\t\t<div id='sc_gallery-1' class='gallery galleryid-167107 gallery-columns-5 gallery-size-thumbnail file element_classes gallery-default'><dl class='gallery-item'  data-title='230126_ma (1)' data-description=''><div class='gallery-item-wrapper'>\n\t\t\t\t<dt class='gallery-icon landscape'>\n\t\t\t\t\t<a href='https:\/\/www.pubambi-kula.com\/wp-content\/uploads\/2026\/01\/230126_ma-1.jpg'><img loading=\"lazy\" decoding=\"async\" width=\"150\" height=\"150\" src=\"https:\/\/www.pubambi-kula.com\/wp-content\/uploads\/2026\/01\/230126_ma-1-150x150.jpg\" class=\"attachment-thumbnail size-thumbnail\" alt=\"\" \/><\/a>\n\t\t\t\t<\/dt><\/div><\/dl><dl class='gallery-item'  data-title='230126_ma (3)' data-description=''><div class='gallery-item-wrapper'>\n\t\t\t\t<dt class='gallery-icon landscape'>\n\t\t\t\t\t<a href='https:\/\/www.pubambi-kula.com\/wp-content\/uploads\/2026\/01\/230126_ma-3.jpg'><img loading=\"lazy\" decoding=\"async\" width=\"150\" height=\"150\" src=\"https:\/\/www.pubambi-kula.com\/wp-content\/uploads\/2026\/01\/230126_ma-3-150x150.jpg\" class=\"attachment-thumbnail size-thumbnail\" alt=\"\" srcset=\"https:\/\/www.pubambi-kula.com\/wp-content\/uploads\/2026\/01\/230126_ma-3-150x150.jpg 150w, https:\/\/www.pubambi-kula.com\/wp-content\/uploads\/2026\/01\/230126_ma-3-300x300.jpg 300w, https:\/\/www.pubambi-kula.com\/wp-content\/uploads\/2026\/01\/230126_ma-3.jpg 960w\" sizes=\"auto, (max-width:767px) 150px, 150px\" \/><\/a>\n\t\t\t\t<\/dt><\/div><\/dl><dl class='gallery-item'  data-title='230126_ma (2)' data-description=''><div class='gallery-item-wrapper'>\n\t\t\t\t<dt class='gallery-icon landscape'>\n\t\t\t\t\t<a href='https:\/\/www.pubambi-kula.com\/wp-content\/uploads\/2026\/01\/230126_ma-2.jpg'><img loading=\"lazy\" decoding=\"async\" width=\"150\" height=\"150\" src=\"https:\/\/www.pubambi-kula.com\/wp-content\/uploads\/2026\/01\/230126_ma-2-150x150.jpg\" class=\"attachment-thumbnail size-thumbnail\" alt=\"\" \/><\/a>\n\t\t\t\t<\/dt><\/div><\/dl>\n\t\t\t\t<br style='clear: both' \/>\n\t\t\t<\/div>\n\n","protected":false},"excerpt":{"rendered":"","protected":false},"author":1984,"featured_media":-1,"parent":0,"menu_order":0,"comment_status":"closed","ping_status":"closed","template":"","meta":{"footnotes":""},"class_list":["post-167107","page","type-page","status-publish","has-post-thumbnail","hentry"],"_links":{"self":[{"href":"https:\/\/www.pubambi-kula.com\/sr\/wp-json\/wp\/v2\/pages\/167107","targetHints":{"allow":["GET"]}}],"collection":[{"href":"https:\/\/www.pubambi-kula.com\/sr\/wp-json\/wp\/v2\/pages"}],"about":[{"href":"https:\/\/www.pubambi-kula.com\/sr\/wp-json\/wp\/v2\/types\/page"}],"author":[{"embeddable":true,"href":"https:\/\/www.pubambi-kula.com\/sr\/wp-json\/wp\/v2\/users\/1984"}],"replies":[{"embeddable":true,"href":"https:\/\/www.pubambi-kula.com\/sr\/wp-json\/wp\/v2\/comments?post=167107"}],"version-history":[{"count":1,"href":"https:\/\/www.pubambi-kula.com\/sr\/wp-json\/wp\/v2\/pages\/167107\/revisions"}],"predecessor-version":[{"id":167120,"href":"https:\/\/www.pubambi-kula.com\/sr\/wp-json\/wp\/v2\/pages\/167107\/revisions\/167120"}],"wp:featuredmedia":[{"embeddable":true,"href":"https:\/\/www.pubambi-kula.com\/sr\/wp-json\/"}],"wp:attachment":[{"href":"https:\/\/www.pubambi-kula.com\/sr\/wp-json\/wp\/v2\/media?parent=167107"}],"curies":[{"name":"wp","href":"https:\/\/api.w.org\/{rel}","templated":true}]}}