{"id":167103,"date":"2026-01-23T14:11:32","date_gmt":"2026-01-23T13:11:32","guid":{"rendered":"https:\/\/www.pubambi-kula.com\/?page_id=167103"},"modified":"2026-01-23T14:14:52","modified_gmt":"2026-01-23T13:14:52","slug":"maslacak-2026","status":"publish","type":"page","link":"https:\/\/www.pubambi-kula.com\/sr\/maslacak-2026\/","title":{"rendered":"\u041c\u0430\u0441\u043b\u0430\u0447\u0430\u043a 2026."},"content":{"rendered":"<p><a href=\"https:\/\/www.pubambi-kula.com\/sr\/ajandekok-atadasa-a-magyar-nyelvu-csoportba-jaro-gyerekeknek-2026-01-23-urucenje-poklona-za-decu-iz-vaspitno-obrazovne-grupe-na-madjarskom-jeziku-23-01-2026\/\">Aj\u00e1nd\u00e9kok \u00e1tad\u00e1sa a magyar nyelv\u0171 csoportba j\u00e0r\u00f2 gyerekeknek &#8211; 2026.01.23. &#8211; \u0423\u0440\u0443\u0447\u0435\u045a\u0435 \u043f\u043e\u043a\u043b\u043e\u043d\u0430 \u0437\u0430 \u0434\u0435\u0446\u0443 \u0438\u0437 \u0432\u0430\u0441\u043f\u0438\u0442\u043d\u043e-\u043e\u0431\u0440\u0430\u0437\u043e\u0432\u043d\u0435 \u0433\u0440\u0443\u043f\u0435 \u043d\u0430 \u043c\u0430\u0452\u0430\u0440\u0441\u043a\u043e\u043c \u0458\u0435\u0437\u0438\u043a\u0443 23.01.2026.\u00a0<\/a><\/p>\n","protected":false},"excerpt":{"rendered":"<p>Aj\u00e1nd\u00e9kok \u00e1tad\u00e1sa a magyar nyelv\u0171 csoportba j\u00e0r\u00f2 gyerekeknek &#8211; 2026.01.23. &#8211; \u0423\u0440\u0443\u0447\u0435\u045a\u0435 \u043f\u043e\u043a\u043b\u043e\u043d\u0430 \u0437\u0430 \u0434\u0435\u0446\u0443 \u0438\u0437 \u0432\u0430\u0441\u043f\u0438\u0442\u043d\u043e-\u043e\u0431\u0440\u0430\u0437\u043e\u0432\u043d\u0435 \u0433\u0440\u0443\u043f\u0435 \u043d\u0430 \u043c\u0430\u0452\u0430\u0440\u0441\u043a\u043e\u043c \u0458\u0435\u0437\u0438\u043a\u0443 23.01.2026.\u00a0<\/p>\n","protected":false},"author":1984,"featured_media":-1,"parent":0,"menu_order":0,"comment_status":"closed","ping_status":"closed","template":"","meta":{"footnotes":""},"class_list":["post-167103","page","type-page","status-publish","has-post-thumbnail","hentry"],"_links":{"self":[{"href":"https:\/\/www.pubambi-kula.com\/sr\/wp-json\/wp\/v2\/pages\/167103","targetHints":{"allow":["GET"]}}],"collection":[{"href":"https:\/\/www.pubambi-kula.com\/sr\/wp-json\/wp\/v2\/pages"}],"about":[{"href":"https:\/\/www.pubambi-kula.com\/sr\/wp-json\/wp\/v2\/types\/page"}],"author":[{"embeddable":true,"href":"https:\/\/www.pubambi-kula.com\/sr\/wp-json\/wp\/v2\/users\/1984"}],"replies":[{"embeddable":true,"href":"https:\/\/www.pubambi-kula.com\/sr\/wp-json\/wp\/v2\/comments?post=167103"}],"version-history":[{"count":3,"href":"https:\/\/www.pubambi-kula.com\/sr\/wp-json\/wp\/v2\/pages\/167103\/revisions"}],"predecessor-version":[{"id":167121,"href":"https:\/\/www.pubambi-kula.com\/sr\/wp-json\/wp\/v2\/pages\/167103\/revisions\/167121"}],"wp:featuredmedia":[{"embeddable":true,"href":"https:\/\/www.pubambi-kula.com\/sr\/wp-json\/"}],"wp:attachment":[{"href":"https:\/\/www.pubambi-kula.com\/sr\/wp-json\/wp\/v2\/media?parent=167103"}],"curies":[{"name":"wp","href":"https:\/\/api.w.org\/{rel}","templated":true}]}}