{"id":165402,"date":"2025-10-16T13:38:06","date_gmt":"2025-10-16T11:38:06","guid":{"rendered":"https:\/\/www.pubambi-kula.com\/?page_id=165402"},"modified":"2025-10-17T13:38:57","modified_gmt":"2025-10-17T11:38:57","slug":"obelezen-dan-zdrave-hrane-u-vrticu-maslacak-pitypang-ovoda-egeszseges-taplalkozas-napja-16-10-2025","status":"publish","type":"page","link":"https:\/\/www.pubambi-kula.com\/sr\/obelezen-dan-zdrave-hrane-u-vrticu-maslacak-pitypang-ovoda-egeszseges-taplalkozas-napja-16-10-2025\/","title":{"rendered":"\u041e\u0431\u0435\u043b\u0435\u0436\u0435\u043d \u201c\u0414\u0430\u043d \u0437\u0434\u0440\u0430\u0432\u0435 \u0445\u0440\u0430\u043d\u0435\u201d \u0443 \u0432\u0440\u0442\u0438\u045b\u0443 &#8220;\u041c\u0430\u0441\u043b\u0430\u0447\u0430\u043a&#8220; &#8211; Pitypang \u00f3voda &#8222;Eg\u00e8szs\u00e8ges t\u00e0pl\u00e0lkoz\u00e0s napja&#8220; 16.10.2025."},"content":{"rendered":"\n\t\t\t<style type='text\/css'>\n\t\t\t\t#sc_gallery-1 {\n\t\t\t\t\tmargin: auto;\n\t\t\t\t}\n\t\t\t\t#sc_gallery-1 .gallery-item {\n\t\t\t\t\tfloat: left;\n\t\t\t\t\ttext-align: center;\n\t\t\t\t\twidth: 19.99%;\n\t\t\t\t}\n\t\t\t\t#sc_gallery-1 img {\n\t\t\t\t\tborder: 2px solid #cfcfcf;\n\t\t\t\t}\n\t\t\t\t\/* see sc_gallery() in functions\/theme-shortcodes.php *\/\n\t\t\t<\/style>\n\t\t<div id='sc_gallery-1' class='gallery galleryid-165402 gallery-columns-5 gallery-size-thumbnail file element_classes gallery-default'><dl class='gallery-item'  data-title='161025_ma (1)' data-description=''><div class='gallery-item-wrapper'>\n\t\t\t\t<dt class='gallery-icon landscape'>\n\t\t\t\t\t<a href='https:\/\/www.pubambi-kula.com\/wp-content\/uploads\/2025\/10\/161025_ma-1.jpg'><img loading=\"lazy\" decoding=\"async\" width=\"150\" height=\"150\" src=\"https:\/\/www.pubambi-kula.com\/wp-content\/uploads\/2025\/10\/161025_ma-1-150x150.jpg\" class=\"attachment-thumbnail size-thumbnail\" alt=\"\" \/><\/a>\n\t\t\t\t<\/dt><\/div><\/dl><dl class='gallery-item'  data-title='161025_ma (2)' data-description=''><div class='gallery-item-wrapper'>\n\t\t\t\t<dt class='gallery-icon portrait'>\n\t\t\t\t\t<a href='https:\/\/www.pubambi-kula.com\/wp-content\/uploads\/2025\/10\/161025_ma-2.jpg'><img loading=\"lazy\" decoding=\"async\" width=\"150\" height=\"150\" src=\"https:\/\/www.pubambi-kula.com\/wp-content\/uploads\/2025\/10\/161025_ma-2-150x150.jpg\" class=\"attachment-thumbnail size-thumbnail\" alt=\"\" \/><\/a>\n\t\t\t\t<\/dt><\/div><\/dl><dl class='gallery-item'  data-title='161025_ma (4)' data-description=''><div class='gallery-item-wrapper'>\n\t\t\t\t<dt class='gallery-icon landscape'>\n\t\t\t\t\t<a href='https:\/\/www.pubambi-kula.com\/wp-content\/uploads\/2025\/10\/161025_ma-4.jpg'><img loading=\"lazy\" decoding=\"async\" width=\"150\" height=\"150\" src=\"https:\/\/www.pubambi-kula.com\/wp-content\/uploads\/2025\/10\/161025_ma-4-150x150.jpg\" class=\"attachment-thumbnail size-thumbnail\" alt=\"\" \/><\/a>\n\t\t\t\t<\/dt><\/div><\/dl><dl class='gallery-item'  data-title='161025_ma (5)' data-description=''><div class='gallery-item-wrapper'>\n\t\t\t\t<dt class='gallery-icon portrait'>\n\t\t\t\t\t<a href='https:\/\/www.pubambi-kula.com\/wp-content\/uploads\/2025\/10\/161025_ma-5.jpg'><img loading=\"lazy\" decoding=\"async\" width=\"150\" height=\"150\" src=\"https:\/\/www.pubambi-kula.com\/wp-content\/uploads\/2025\/10\/161025_ma-5-150x150.jpg\" class=\"attachment-thumbnail size-thumbnail\" alt=\"\" \/><\/a>\n\t\t\t\t<\/dt><\/div><\/dl><dl class='gallery-item'  data-title='161025_ma (6)' data-description=''><div class='gallery-item-wrapper'>\n\t\t\t\t<dt class='gallery-icon landscape'>\n\t\t\t\t\t<a href='https:\/\/www.pubambi-kula.com\/wp-content\/uploads\/2025\/10\/161025_ma-6.jpg'><img loading=\"lazy\" decoding=\"async\" width=\"150\" height=\"150\" src=\"https:\/\/www.pubambi-kula.com\/wp-content\/uploads\/2025\/10\/161025_ma-6-150x150.jpg\" class=\"attachment-thumbnail size-thumbnail\" alt=\"\" \/><\/a>\n\t\t\t\t<\/dt><\/div><\/dl><br style=\"clear: both\" \/><dl class='gallery-item'  data-title='161025_ma (7)' data-description=''><div class='gallery-item-wrapper'>\n\t\t\t\t<dt class='gallery-icon landscape'>\n\t\t\t\t\t<a href='https:\/\/www.pubambi-kula.com\/wp-content\/uploads\/2025\/10\/161025_ma-7.jpg'><img loading=\"lazy\" decoding=\"async\" width=\"150\" height=\"150\" src=\"https:\/\/www.pubambi-kula.com\/wp-content\/uploads\/2025\/10\/161025_ma-7-150x150.jpg\" class=\"attachment-thumbnail size-thumbnail\" alt=\"\" \/><\/a>\n\t\t\t\t<\/dt><\/div><\/dl><dl class='gallery-item'  data-title='161025_ma (8)' data-description=''><div class='gallery-item-wrapper'>\n\t\t\t\t<dt class='gallery-icon landscape'>\n\t\t\t\t\t<a href='https:\/\/www.pubambi-kula.com\/wp-content\/uploads\/2025\/10\/161025_ma-8.jpg'><img loading=\"lazy\" decoding=\"async\" width=\"150\" height=\"150\" src=\"https:\/\/www.pubambi-kula.com\/wp-content\/uploads\/2025\/10\/161025_ma-8-150x150.jpg\" class=\"attachment-thumbnail size-thumbnail\" alt=\"\" \/><\/a>\n\t\t\t\t<\/dt><\/div><\/dl><dl class='gallery-item'  data-title='161025_ma (9)' data-description=''><div class='gallery-item-wrapper'>\n\t\t\t\t<dt class='gallery-icon landscape'>\n\t\t\t\t\t<a href='https:\/\/www.pubambi-kula.com\/wp-content\/uploads\/2025\/10\/161025_ma-9.jpg'><img loading=\"lazy\" decoding=\"async\" width=\"150\" height=\"150\" src=\"https:\/\/www.pubambi-kula.com\/wp-content\/uploads\/2025\/10\/161025_ma-9-150x150.jpg\" class=\"attachment-thumbnail size-thumbnail\" alt=\"\" \/><\/a>\n\t\t\t\t<\/dt><\/div><\/dl><dl class='gallery-item'  data-title='161025_ma (10)' data-description=''><div class='gallery-item-wrapper'>\n\t\t\t\t<dt class='gallery-icon landscape'>\n\t\t\t\t\t<a href='https:\/\/www.pubambi-kula.com\/wp-content\/uploads\/2025\/10\/161025_ma-10.jpg'><img loading=\"lazy\" decoding=\"async\" width=\"150\" height=\"150\" src=\"https:\/\/www.pubambi-kula.com\/wp-content\/uploads\/2025\/10\/161025_ma-10-150x150.jpg\" class=\"attachment-thumbnail size-thumbnail\" alt=\"\" \/><\/a>\n\t\t\t\t<\/dt><\/div><\/dl><dl class='gallery-item'  data-title='161025_ma (3)' data-description=''><div class='gallery-item-wrapper'>\n\t\t\t\t<dt class='gallery-icon landscape'>\n\t\t\t\t\t<a href='https:\/\/www.pubambi-kula.com\/wp-content\/uploads\/2025\/10\/161025_ma-3.jpg'><img loading=\"lazy\" decoding=\"async\" width=\"150\" height=\"150\" src=\"https:\/\/www.pubambi-kula.com\/wp-content\/uploads\/2025\/10\/161025_ma-3-150x150.jpg\" class=\"attachment-thumbnail size-thumbnail\" alt=\"\" \/><\/a>\n\t\t\t\t<\/dt><\/div><\/dl><br style=\"clear: both\" \/><dl class='gallery-item'  data-title='161025_ma (11)' data-description=''><div class='gallery-item-wrapper'>\n\t\t\t\t<dt class='gallery-icon landscape'>\n\t\t\t\t\t<a href='https:\/\/www.pubambi-kula.com\/wp-content\/uploads\/2025\/10\/161025_ma-11.jpg'><img loading=\"lazy\" decoding=\"async\" width=\"150\" height=\"150\" src=\"https:\/\/www.pubambi-kula.com\/wp-content\/uploads\/2025\/10\/161025_ma-11-150x150.jpg\" class=\"attachment-thumbnail size-thumbnail\" alt=\"\" \/><\/a>\n\t\t\t\t<\/dt><\/div><\/dl>\n\t\t\t\t<br style='clear: both' \/>\n\t\t\t<\/div>\n\n","protected":false},"excerpt":{"rendered":"","protected":false},"author":1984,"featured_media":-1,"parent":0,"menu_order":0,"comment_status":"closed","ping_status":"closed","template":"","meta":{"footnotes":""},"class_list":["post-165402","page","type-page","status-publish","has-post-thumbnail","hentry"],"_links":{"self":[{"href":"https:\/\/www.pubambi-kula.com\/sr\/wp-json\/wp\/v2\/pages\/165402","targetHints":{"allow":["GET"]}}],"collection":[{"href":"https:\/\/www.pubambi-kula.com\/sr\/wp-json\/wp\/v2\/pages"}],"about":[{"href":"https:\/\/www.pubambi-kula.com\/sr\/wp-json\/wp\/v2\/types\/page"}],"author":[{"embeddable":true,"href":"https:\/\/www.pubambi-kula.com\/sr\/wp-json\/wp\/v2\/users\/1984"}],"replies":[{"embeddable":true,"href":"https:\/\/www.pubambi-kula.com\/sr\/wp-json\/wp\/v2\/comments?post=165402"}],"version-history":[{"count":1,"href":"https:\/\/www.pubambi-kula.com\/sr\/wp-json\/wp\/v2\/pages\/165402\/revisions"}],"predecessor-version":[{"id":165447,"href":"https:\/\/www.pubambi-kula.com\/sr\/wp-json\/wp\/v2\/pages\/165402\/revisions\/165447"}],"wp:featuredmedia":[{"embeddable":true,"href":"https:\/\/www.pubambi-kula.com\/sr\/wp-json\/"}],"wp:attachment":[{"href":"https:\/\/www.pubambi-kula.com\/sr\/wp-json\/wp\/v2\/media?parent=165402"}],"curies":[{"name":"wp","href":"https:\/\/api.w.org\/{rel}","templated":true}]}}