{"id":165397,"date":"2025-10-17T13:35:52","date_gmt":"2025-10-17T11:35:52","guid":{"rendered":"https:\/\/www.pubambi-kula.com\/?page_id=165397"},"modified":"2025-11-18T16:17:21","modified_gmt":"2025-11-18T15:17:21","slug":"maslacak-2025","status":"publish","type":"page","link":"https:\/\/www.pubambi-kula.com\/sr\/maslacak-2025\/","title":{"rendered":"\u041c\u0430\u0441\u043b\u0430\u0447\u0430\u043a 2025."},"content":{"rendered":"<p><a href=\"https:\/\/www.pubambi-kula.com\/sr\/obelezavanje-svetskog-dana-prevremeno-rodjene-dece-17-11-2025-a-koraszulott-gyermekek-vilagnapjanak-megunneples-2025-11-17\/\">\u041e\u0431\u0435\u043b\u0435\u0436\u0430\u0432\u0430\u045a\u0435 \u0421\u0432\u0435\u0442\u0441\u043a\u043e\u0433 \u0434\u0430\u043d\u0430 \u043f\u0440\u0435\u0432\u0440\u0435\u043c\u0435\u043d\u043e \u0440\u043e\u0452\u0435\u043d\u0435 \u0434\u0435\u0446\u0435 17.11.2025. &#8211; A korasz\u00fcl\u00f6tt gyermekek vil\u00e0gnapj\u00e0nak meg\u00fcnnepl\u00e8s 2025.11.17<\/a><\/p>\n<p><a href=\"https:\/\/www.pubambi-kula.com\/sr\/obelezen-dan-zdrave-hrane-u-vrticu-maslacak-pitypang-ovoda-egeszseges-taplalkozas-napja-16-10-2025\">\u041e\u0431\u0435\u043b\u0435\u0436\u0435\u043d \u201c\u0414\u0430\u043d \u0437\u0434\u0440\u0430\u0432\u0435 \u0445\u0440\u0430\u043d\u0435\u201d \u0443 \u0432\u0440\u0442\u0438\u045b\u0443 &#8220;\u041c\u0430\u0441\u043b\u0430\u0447\u0430\u043a&#8220; &#8211; Pitypang \u00f3voda &#8222;Eg\u00e8szs\u00e8ges t\u00e0pl\u00e0lkoz\u00e0s napja&#8220; 16.10.2025.<\/a><\/p>\n","protected":false},"excerpt":{"rendered":"<p>\u041e\u0431\u0435\u043b\u0435\u0436\u0430\u0432\u0430\u045a\u0435 \u0421\u0432\u0435\u0442\u0441\u043a\u043e\u0433 \u0434\u0430\u043d\u0430 \u043f\u0440\u0435\u0432\u0440\u0435\u043c\u0435\u043d\u043e \u0440\u043e\u0452\u0435\u043d\u0435 \u0434\u0435\u0446\u0435 17.11.2025. &#8211; A korasz\u00fcl\u00f6tt gyermekek vil\u00e0gnapj\u00e0nak meg\u00fcnnepl\u00e8s 2025.11.17 \u041e\u0431\u0435\u043b\u0435\u0436\u0435\u043d \u201c\u0414\u0430\u043d \u0437\u0434\u0440\u0430\u0432\u0435 \u0445\u0440\u0430\u043d\u0435\u201d \u0443 \u0432\u0440\u0442\u0438\u045b\u0443 &#8220;\u041c\u0430\u0441\u043b\u0430\u0447\u0430\u043a&#8220; &#8211; Pitypang \u00f3voda<span class=\"excerpt-hellip\"> [\u2026]<\/span><\/p>\n","protected":false},"author":1984,"featured_media":-1,"parent":0,"menu_order":0,"comment_status":"closed","ping_status":"closed","template":"","meta":{"footnotes":""},"class_list":["post-165397","page","type-page","status-publish","has-post-thumbnail","hentry"],"_links":{"self":[{"href":"https:\/\/www.pubambi-kula.com\/sr\/wp-json\/wp\/v2\/pages\/165397","targetHints":{"allow":["GET"]}}],"collection":[{"href":"https:\/\/www.pubambi-kula.com\/sr\/wp-json\/wp\/v2\/pages"}],"about":[{"href":"https:\/\/www.pubambi-kula.com\/sr\/wp-json\/wp\/v2\/types\/page"}],"author":[{"embeddable":true,"href":"https:\/\/www.pubambi-kula.com\/sr\/wp-json\/wp\/v2\/users\/1984"}],"replies":[{"embeddable":true,"href":"https:\/\/www.pubambi-kula.com\/sr\/wp-json\/wp\/v2\/comments?post=165397"}],"version-history":[{"count":6,"href":"https:\/\/www.pubambi-kula.com\/sr\/wp-json\/wp\/v2\/pages\/165397\/revisions"}],"predecessor-version":[{"id":166530,"href":"https:\/\/www.pubambi-kula.com\/sr\/wp-json\/wp\/v2\/pages\/165397\/revisions\/166530"}],"wp:featuredmedia":[{"embeddable":true,"href":"https:\/\/www.pubambi-kula.com\/sr\/wp-json\/"}],"wp:attachment":[{"href":"https:\/\/www.pubambi-kula.com\/sr\/wp-json\/wp\/v2\/media?parent=165397"}],"curies":[{"name":"wp","href":"https:\/\/api.w.org\/{rel}","templated":true}]}}