{"id":159739,"date":"2025-01-27T14:07:12","date_gmt":"2025-01-27T13:07:12","guid":{"rendered":"https:\/\/www.pubambi-kula.com\/?page_id=159739"},"modified":"2025-05-23T20:06:54","modified_gmt":"2025-05-23T18:06:54","slug":"2025-2","status":"publish","type":"page","link":"https:\/\/www.pubambi-kula.com\/hu\/2025-2\/","title":{"rendered":"2025."},"content":{"rendered":"<p><a href=\"https:\/\/www.pubambi-kula.com\/hu\/kozos-program-a-kulai-egeszsegugyi-kozpont-apolonoivel-22-05-2025\/\">K\u00f6z\u00f6s program a k\u00falai Eg\u00e9szs\u00e9g\u00fcgyi K\u00f6zpont \u00e1pol\u00f3n\u0151ivel 22.05.2025.<\/a><\/p>\n<p><a href=\"https:\/\/www.pubambi-kula.com\/hu\/a-suncica-ovodaban-megunnepeltek-a-szajhigienia-vilagnapjat-21-05-2025\/\">A Sun\u010dica \u00f3vod\u00e1ban meg\u00fcnnepelt\u00e9k a Sz\u00e1jhigi\u00e9nia Vil\u00e1gnapj\u00e1t 21.05.2025.<\/a><\/p>\n<p><a href=\"https:\/\/www.pubambi-kula.com\/hu\/jovobeli-elsosok-latogatasa-a-petefi-brigad-iskolaban-21-05-2025\/\">J\u00f6v\u0151beli els\u0151s\u00f6k l\u00e1togat\u00e1sa a &#8222;Petefi Brig\u00e1d&#8221; iskol\u00e1ban 21.05.2025.<\/a><\/p>\n<p><a href=\"https:\/\/www.pubambi-kula.com\/hu\/munkaakcio-a-suncica-ovodaban-17-05-2025\/\">Munkaakcio\u00a0 a &#8222;Sun\u010dica&#8221; \u00f3v\u00f3d\u00e0ban 17.05.2025.<\/a><\/p>\n","protected":false},"excerpt":{"rendered":"<p>K\u00f6z\u00f6s program a k\u00falai Eg\u00e9szs\u00e9g\u00fcgyi K\u00f6zpont \u00e1pol\u00f3n\u0151ivel 22.05.2025. A Sun\u010dica \u00f3vod\u00e1ban meg\u00fcnnepelt\u00e9k a Sz\u00e1jhigi\u00e9nia Vil\u00e1gnapj\u00e1t 21.05.2025. J\u00f6v\u0151beli els\u0151s\u00f6k l\u00e1togat\u00e1sa a &#8222;Petefi Brig\u00e1d&#8221; iskol\u00e1ban 21.05.2025.<span class=\"excerpt-hellip\"> [\u2026]<\/span><\/p>\n","protected":false},"author":1984,"featured_media":0,"parent":0,"menu_order":0,"comment_status":"closed","ping_status":"closed","template":"","meta":{"footnotes":""},"class_list":["post-159739","page","type-page","status-publish","hentry"],"_links":{"self":[{"href":"https:\/\/www.pubambi-kula.com\/hu\/wp-json\/wp\/v2\/pages\/159739","targetHints":{"allow":["GET"]}}],"collection":[{"href":"https:\/\/www.pubambi-kula.com\/hu\/wp-json\/wp\/v2\/pages"}],"about":[{"href":"https:\/\/www.pubambi-kula.com\/hu\/wp-json\/wp\/v2\/types\/page"}],"author":[{"embeddable":true,"href":"https:\/\/www.pubambi-kula.com\/hu\/wp-json\/wp\/v2\/users\/1984"}],"replies":[{"embeddable":true,"href":"https:\/\/www.pubambi-kula.com\/hu\/wp-json\/wp\/v2\/comments?post=159739"}],"version-history":[{"count":6,"href":"https:\/\/www.pubambi-kula.com\/hu\/wp-json\/wp\/v2\/pages\/159739\/revisions"}],"predecessor-version":[{"id":161223,"href":"https:\/\/www.pubambi-kula.com\/hu\/wp-json\/wp\/v2\/pages\/159739\/revisions\/161223"}],"wp:attachment":[{"href":"https:\/\/www.pubambi-kula.com\/hu\/wp-json\/wp\/v2\/media?parent=159739"}],"curies":[{"name":"wp","href":"https:\/\/api.w.org\/{rel}","templated":true}]}}