{"id":159708,"date":"2024-10-16T19:47:36","date_gmt":"2024-10-16T17:47:36","guid":{"rendered":"https:\/\/www.pubambi-kula.com\/?page_id=159708"},"modified":"2025-04-29T22:05:00","modified_gmt":"2025-04-29T20:05:00","slug":"a-gyermekek-vedelme-a-diszkriminaciotol-eroszaktol-bantalmazastol-es-elhanyagolastol","status":"publish","type":"page","link":"https:\/\/www.pubambi-kula.com\/hu\/a-gyermekek-vedelme-a-diszkriminaciotol-eroszaktol-bantalmazastol-es-elhanyagolastol\/","title":{"rendered":"A gyermekek v\u00e8delme a diszkrimin\u00e0ci\u00f2t\u00f2l, er\u0151szakt\u00f2l, b\u00e0ntalmaz\u00e0st\u00f2l \u00e8s elhanyagol\u00e0st\u00f2l"},"content":{"rendered":"","protected":false},"excerpt":{"rendered":"","protected":false},"author":1984,"featured_media":0,"parent":0,"menu_order":0,"comment_status":"closed","ping_status":"closed","template":"","meta":{"footnotes":""},"class_list":["post-159708","page","type-page","status-publish","hentry"],"_links":{"self":[{"href":"https:\/\/www.pubambi-kula.com\/hu\/wp-json\/wp\/v2\/pages\/159708","targetHints":{"allow":["GET"]}}],"collection":[{"href":"https:\/\/www.pubambi-kula.com\/hu\/wp-json\/wp\/v2\/pages"}],"about":[{"href":"https:\/\/www.pubambi-kula.com\/hu\/wp-json\/wp\/v2\/types\/page"}],"author":[{"embeddable":true,"href":"https:\/\/www.pubambi-kula.com\/hu\/wp-json\/wp\/v2\/users\/1984"}],"replies":[{"embeddable":true,"href":"https:\/\/www.pubambi-kula.com\/hu\/wp-json\/wp\/v2\/comments?post=159708"}],"version-history":[{"count":1,"href":"https:\/\/www.pubambi-kula.com\/hu\/wp-json\/wp\/v2\/pages\/159708\/revisions"}],"predecessor-version":[{"id":159709,"href":"https:\/\/www.pubambi-kula.com\/hu\/wp-json\/wp\/v2\/pages\/159708\/revisions\/159709"}],"wp:attachment":[{"href":"https:\/\/www.pubambi-kula.com\/hu\/wp-json\/wp\/v2\/media?parent=159708"}],"curies":[{"name":"wp","href":"https:\/\/api.w.org\/{rel}","templated":true}]}}